{"id":3087,"date":"2019-05-26T21:10:23","date_gmt":"2019-05-26T21:10:23","guid":{"rendered":"https:\/\/kemis-termoclean.hr\/references\/"},"modified":"2021-12-03T08:56:07","modified_gmt":"2021-12-03T08:56:07","slug":"references","status":"publish","type":"page","link":"https:\/\/kemis-termoclean.hr\/en\/references\/","title":{"rendered":"References"},"content":{"rendered":"\t\t<div data-elementor-type=\"wp-post\" data-elementor-id=\"3087\" class=\"elementor elementor-3087 elementor-66\" data-elementor-post-type=\"page\">\n\t\t\t\t\t\t<section class=\"elementor-section elementor-top-section elementor-element elementor-element-1347a6c elementor-section-boxed elementor-section-height-default elementor-section-height-default\" data-id=\"1347a6c\" data-element_type=\"section\" data-settings=\"{&quot;background_background&quot;:&quot;classic&quot;}\">\n\t\t\t\t\t\t<div class=\"elementor-container elementor-column-gap-default\">\n\t\t\t\t\t<div class=\"elementor-column elementor-col-100 elementor-top-column elementor-element elementor-element-33da86b\" data-id=\"33da86b\" data-element_type=\"column\">\n\t\t\t<div class=\"elementor-widget-wrap elementor-element-populated\">\n\t\t\t\t\t\t<div class=\"elementor-element elementor-element-29aaf01 elementor-widget elementor-widget-heading\" data-id=\"29aaf01\" data-element_type=\"widget\" data-widget_type=\"heading.default\">\n\t\t\t\t<div class=\"elementor-widget-container\">\n\t\t\t\t\t<h2 class=\"elementor-heading-title elementor-size-default\">References<\/h2>\t\t\t\t<\/div>\n\t\t\t\t<\/div>\n\t\t\t\t<div class=\"elementor-element elementor-element-b534135 elementor-widget elementor-widget-text-editor\" data-id=\"b534135\" data-element_type=\"widget\" data-widget_type=\"text-editor.default\">\n\t\t\t\t<div class=\"elementor-widget-container\">\n\t\t\t\t\t\t\t\t\t<p>KEMIS-Termoclean d.o.o. achieves a wide range of business cooperation in the field of industrial and chemical cleaning and hazardous and non-hazardous waste management. The list of our references is large and diverse and includes clients of various types (leading industrial and retail companies, state and local government institutions, scientific and educational institutions, cultural institutions, restaurants, services, health institutions, small companies, etc.).<\/p>\n<p>Above all and in all cases our motto is <strong>SATISFIED CLIENT<\/strong>.<\/p>\n<p><strong>We proudly highlight the collaboration data of more than 700 different valued clients.<\/strong><br \/>\n<strong>List of clients with whom cooperation has been most pronounced in the last 10 years (alphabetically):<\/strong><\/p>\n\t\t\t\t\t\t\t\t<\/div>\n\t\t\t\t<\/div>\n\t\t\t\t\t<\/div>\n\t\t<\/div>\n\t\t\t\t\t<\/div>\n\t\t<\/section>\n\t\t\t\t<section class=\"elementor-section elementor-top-section elementor-element elementor-element-58292cf elementor-section-boxed elementor-section-height-default elementor-section-height-default\" data-id=\"58292cf\" data-element_type=\"section\" data-settings=\"{&quot;background_background&quot;:&quot;classic&quot;}\">\n\t\t\t\t\t\t<div class=\"elementor-container elementor-column-gap-no\">\n\t\t\t\t\t<div class=\"elementor-column elementor-col-100 elementor-top-column elementor-element elementor-element-eca1664\" data-id=\"eca1664\" data-element_type=\"column\">\n\t\t\t<div class=\"elementor-widget-wrap elementor-element-populated\">\n\t\t\t\t\t\t<div class=\"elementor-element elementor-element-6d2a353 elementor-absolute elementor-widget elementor-widget-image\" data-id=\"6d2a353\" data-element_type=\"widget\" data-settings=\"{&quot;_position&quot;:&quot;absolute&quot;}\" data-widget_type=\"image.default\">\n\t\t\t\t<div class=\"elementor-widget-container\">\n\t\t\t\t\t\t\t\t\t\t\t\t\t\t\t<img fetchpriority=\"high\" decoding=\"async\" width=\"861\" height=\"842\" src=\"https:\/\/kemis-termoclean.hr\/wp-content\/uploads\/2019\/05\/deco-za-sive.png\" class=\"attachment-full size-full wp-image-2425\" alt=\"\" srcset=\"https:\/\/kemis-termoclean.hr\/wp-content\/uploads\/2019\/05\/deco-za-sive.png 861w, https:\/\/kemis-termoclean.hr\/wp-content\/uploads\/2019\/05\/deco-za-sive-300x293.png 300w, https:\/\/kemis-termoclean.hr\/wp-content\/uploads\/2019\/05\/deco-za-sive-768x751.png 768w, https:\/\/kemis-termoclean.hr\/wp-content\/uploads\/2019\/05\/deco-za-sive-60x60.png 60w, https:\/\/kemis-termoclean.hr\/wp-content\/uploads\/2019\/05\/deco-za-sive-600x587.png 600w\" sizes=\"(max-width: 861px) 100vw, 861px\" \/>\t\t\t\t\t\t\t\t\t\t\t\t\t\t\t<\/div>\n\t\t\t\t<\/div>\n\t\t\t\t<section class=\"elementor-section elementor-inner-section elementor-element elementor-element-a12252b kemisbullet elementor-section-boxed elementor-section-height-default elementor-section-height-default\" data-id=\"a12252b\" data-element_type=\"section\">\n\t\t\t\t\t\t<div class=\"elementor-container elementor-column-gap-default\">\n\t\t\t\t\t<div class=\"elementor-column elementor-col-33 elementor-inner-column elementor-element elementor-element-adbe8e2\" data-id=\"adbe8e2\" data-element_type=\"column\">\n\t\t\t<div class=\"elementor-widget-wrap elementor-element-populated\">\n\t\t\t\t\t\t<div class=\"elementor-element elementor-element-81fe3cd elementor-widget elementor-widget-text-editor\" data-id=\"81fe3cd\" data-element_type=\"widget\" data-widget_type=\"text-editor.default\">\n\t\t\t\t<div class=\"elementor-widget-container\">\n\t\t\t\t\t\t\t\t\t<ul style=\"margin-bottom: -1.2em;\">\n<li>ATLANTIC GRUPA d.d.<\/li>\n<li>BELUPO, lijekovi i kozmetika d.d.<\/li>\n<li>COCA COLA HBC Hrvatska d.o.o.<\/li>\n<li>CROATIA AIRLINES d.d.<\/li>\n<li>DM DROGERIE MARKT Hrvatska d.o.o.<\/li>\n<li>DUKAT d.d.<\/li>\n<li>ELKA d.o.o.<\/li>\n<li>ERICSSON NIKOLA TESLA d.d.<\/li>\n<li>FIDELTA d.o.o.<\/li>\n<li>FOND ZA ZA\u0160TITU OKOLI\u0160A I ENERGETSKU U\u010cINKOVITOST<\/li>\n<li>FRANCK d.o.o.<\/li>\n<li>GENERA d.d.<\/li>\n<li>GORENJE ZAGREB d.o.o.<\/li>\n<li>HALMED &#8211; Agencija za lijekove i medicinske proizvode<\/li>\n<li>HEP d.d.<\/li>\n<li>HOLCIM Hrvatska d.o.o.<\/li>\n<li>HRVATSKI VETERINARSKI INSTITUT<\/li>\n<\/ul>\n\t\t\t\t\t\t\t\t<\/div>\n\t\t\t\t<\/div>\n\t\t\t\t\t<\/div>\n\t\t<\/div>\n\t\t\t\t<div class=\"elementor-column elementor-col-33 elementor-inner-column elementor-element elementor-element-cfe5fef\" data-id=\"cfe5fef\" data-element_type=\"column\">\n\t\t\t<div class=\"elementor-widget-wrap elementor-element-populated\">\n\t\t\t\t\t\t<div class=\"elementor-element elementor-element-a7b51a8 elementor-widget elementor-widget-text-editor\" data-id=\"a7b51a8\" data-element_type=\"widget\" data-widget_type=\"text-editor.default\">\n\t\t\t\t<div class=\"elementor-widget-container\">\n\t\t\t\t\t\t\t\t\t<ul style=\"margin-bottom: -1.2em;\">\n<li>HRVATSKO NARODNO KAZALI\u0160TE \u2013 HNK ZAGREB<\/li>\n<li>IKEA HRVATSKA d.o.o.<\/li>\n<li>INA d.d.<\/li>\n<li>IRB &#8211; INSTITUR RU\u0110ER BO\u0160KOVI\u0106<\/li>\n<li>IREX AROMA d.o.o.<\/li>\n<li>JADRAN &#8211; GALENSKI LABORATORIJ d.d.<\/li>\n<li>JADROLINIJA d.d.<\/li>\n<li>KAMGRAD d.o.o.<\/li>\n<li>KAUFLAND k.d.<\/li>\n<li>KLINI\u010cKA BOLNICA DUBRAVA &#8211; Zagreb<\/li>\n<li>KON\u010cAR \u2013 ELEKTROINDUSTRIJA d.d.<\/li>\n<li>KRA\u0160 d.d.<\/li>\n<li>LEDO d.d.<\/li>\n<li>ME\u0110UNARODNA ZRA\u010cNA LUKA ZAGREB d.d.<\/li>\n<li>MINISTARSTVO ZA\u0160TITE OKOLI\u0160A I ENERGETIKE<\/li>\n<li>MINISTARSTVO OBRANE RH<\/li>\n<li>MUP \u2013 MINISTARSTVO UNUTARNJIH POSLOVA RH<\/li>\n<\/ul>\t\t\t\t\t\t\t\t<\/div>\n\t\t\t\t<\/div>\n\t\t\t\t\t<\/div>\n\t\t<\/div>\n\t\t\t\t<div class=\"elementor-column elementor-col-33 elementor-inner-column elementor-element elementor-element-07f4e4c\" data-id=\"07f4e4c\" data-element_type=\"column\">\n\t\t\t<div class=\"elementor-widget-wrap elementor-element-populated\">\n\t\t\t\t\t\t<div class=\"elementor-element elementor-element-f44f3da elementor-widget elementor-widget-text-editor\" data-id=\"f44f3da\" data-element_type=\"widget\" data-widget_type=\"text-editor.default\">\n\t\t\t\t<div class=\"elementor-widget-container\">\n\t\t\t\t\t\t\t\t\t<ul>\n<li>PETROKEMIJA d.d.<\/li>\n<li>PLAVA LAGUNA d.d.<\/li>\n<li>PLIVA HRVATSKA d.o.o.<\/li>\n<li>PODRAVKA d.d.<\/li>\n<li>PRINTERA GRUPA d.o.o.<\/li>\n<li>RADIN PRINT d.o.o.<\/li>\n<li>SCOT BADER d.o.o.<\/li>\n<li>SIEMENS Hrvatska d.d.<\/li>\n<li>SPECTRA-MEDIA d.o.o.<\/li>\n<li>ULJANIK GRUPA d.d.<\/li>\n<li>VETROPACK STRA\u017dA d.d.<\/li>\n<li>VG \u010cISTO\u0106A d.o.o.<\/li>\n<li>ZAGREBA\u010cKI HOLDING d.o.o.<\/li>\n<li>ZAGREBA\u010cKA PIVOVARA d.o.o.<\/li>\n<li>ZAGREBA\u010cKE OTPADNE VODE ZOV d.o.o.<\/li>\n<li>ZAGREBA\u010cKE PEKARNE KLARA d.d.<\/li>\n<\/ul>\n\t\t\t\t\t\t\t\t<\/div>\n\t\t\t\t<\/div>\n\t\t\t\t\t<\/div>\n\t\t<\/div>\n\t\t\t\t\t<\/div>\n\t\t<\/section>\n\t\t\t\t\t<\/div>\n\t\t<\/div>\n\t\t\t\t\t<\/div>\n\t\t<\/section>\n\t\t\t\t<\/div>\n\t\t","protected":false},"excerpt":{"rendered":"<p>References KEMIS-Termoclean d.o.o. achieves a wide range of business cooperation in the field of industrial and chemical cleaning and hazardous and non-hazardous waste management. The list of our references is large and diverse and includes clients of various types (leading industrial and retail companies, state and local government institutions, scientific and educational institutions, cultural institutions, [&hellip;]<\/p>\n","protected":false},"author":1,"featured_media":0,"parent":0,"menu_order":7,"comment_status":"closed","ping_status":"closed","template":"elementor_header_footer","meta":{"footnotes":""},"class_list":["post-3087","page","type-page","status-publish","hentry"],"_links":{"self":[{"href":"https:\/\/kemis-termoclean.hr\/en\/wp-json\/wp\/v2\/pages\/3087","targetHints":{"allow":["GET"]}}],"collection":[{"href":"https:\/\/kemis-termoclean.hr\/en\/wp-json\/wp\/v2\/pages"}],"about":[{"href":"https:\/\/kemis-termoclean.hr\/en\/wp-json\/wp\/v2\/types\/page"}],"author":[{"embeddable":true,"href":"https:\/\/kemis-termoclean.hr\/en\/wp-json\/wp\/v2\/users\/1"}],"replies":[{"embeddable":true,"href":"https:\/\/kemis-termoclean.hr\/en\/wp-json\/wp\/v2\/comments?post=3087"}],"version-history":[{"count":4,"href":"https:\/\/kemis-termoclean.hr\/en\/wp-json\/wp\/v2\/pages\/3087\/revisions"}],"predecessor-version":[{"id":4218,"href":"https:\/\/kemis-termoclean.hr\/en\/wp-json\/wp\/v2\/pages\/3087\/revisions\/4218"}],"wp:attachment":[{"href":"https:\/\/kemis-termoclean.hr\/en\/wp-json\/wp\/v2\/media?parent=3087"}],"curies":[{"name":"wp","href":"https:\/\/api.w.org\/{rel}","templated":true}]}}