{"id":3060,"date":"2019-05-26T21:09:26","date_gmt":"2019-05-26T21:09:26","guid":{"rendered":"https:\/\/kemis-termoclean.hr\/services\/"},"modified":"2019-11-14T22:59:32","modified_gmt":"2019-11-14T22:59:32","slug":"services","status":"publish","type":"page","link":"https:\/\/kemis-termoclean.hr\/en\/services\/","title":{"rendered":"Services"},"content":{"rendered":"\t\t<div data-elementor-type=\"wp-post\" data-elementor-id=\"3060\" class=\"elementor elementor-3060 elementor-58\" data-elementor-post-type=\"page\">\n\t\t\t\t\t\t<section data-pafe-crossfade-multiple-background-images=\"https:\/\/kemis-termoclean.hr\/wp-content\/uploads\/2019\/07\/IMG_01.jpg,https:\/\/kemis-termoclean.hr\/wp-content\/uploads\/2019\/07\/IMG_02.jpg,https:\/\/kemis-termoclean.hr\/wp-content\/uploads\/2019\/07\/IMG_03.jpg\" data-pafe-crossfade-multiple-background-images-speed=\"3000\" data-pafe-crossfade-multiple-background-images-speed-fadeout=\"1500\" class=\"elementor-section elementor-top-section elementor-element elementor-element-09a511a elementor-section-height-min-height elementor-section-boxed elementor-section-height-default elementor-section-items-middle\" data-id=\"09a511a\" data-element_type=\"section\" data-settings=\"{&quot;background_background&quot;:&quot;classic&quot;}\">\n\t\t\t\t\t\t<div class=\"elementor-container elementor-column-gap-default\">\n\t\t\t\t\t<div class=\"elementor-column elementor-col-100 elementor-top-column elementor-element elementor-element-5605540\" data-id=\"5605540\" data-element_type=\"column\">\n\t\t\t<div class=\"elementor-widget-wrap elementor-element-populated\">\n\t\t\t\t\t\t<div class=\"elementor-element elementor-element-1226949 elementor-widget elementor-widget-spacer\" data-id=\"1226949\" data-element_type=\"widget\" data-widget_type=\"spacer.default\">\n\t\t\t\t<div class=\"elementor-widget-container\">\n\t\t\t\t\t\t\t<div class=\"elementor-spacer\">\n\t\t\t<div class=\"elementor-spacer-inner\"><\/div>\n\t\t<\/div>\n\t\t\t\t\t\t<\/div>\n\t\t\t\t<\/div>\n\t\t\t\t\t<\/div>\n\t\t<\/div>\n\t\t\t\t\t<\/div>\n\t\t<\/section>\n\t\t\t\t<section class=\"elementor-section elementor-top-section elementor-element elementor-element-06a44f5 elementor-section-boxed elementor-section-height-default elementor-section-height-default\" data-id=\"06a44f5\" data-element_type=\"section\" data-settings=\"{&quot;background_background&quot;:&quot;classic&quot;}\">\n\t\t\t\t\t\t<div class=\"elementor-container elementor-column-gap-default\">\n\t\t\t\t\t<div class=\"elementor-column elementor-col-100 elementor-top-column elementor-element elementor-element-c867339\" data-id=\"c867339\" data-element_type=\"column\">\n\t\t\t<div class=\"elementor-widget-wrap elementor-element-populated\">\n\t\t\t\t\t\t<div class=\"elementor-element elementor-element-83d6ba9 elementor-widget elementor-widget-heading\" data-id=\"83d6ba9\" data-element_type=\"widget\" data-widget_type=\"heading.default\">\n\t\t\t\t<div class=\"elementor-widget-container\">\n\t\t\t\t\t<h2 class=\"elementor-heading-title elementor-size-default\">Services<\/h2>\t\t\t\t<\/div>\n\t\t\t\t<\/div>\n\t\t\t\t<section class=\"elementor-section elementor-inner-section elementor-element elementor-element-f047044 elementor-section-boxed elementor-section-height-default elementor-section-height-default\" data-id=\"f047044\" data-element_type=\"section\">\n\t\t\t\t\t\t<div class=\"elementor-container elementor-column-gap-default\">\n\t\t\t\t\t<div class=\" pafe-equal-height-desktop pafe-equal-height-tablet elementor-column elementor-col-50 elementor-inner-column elementor-element elementor-element-9023538\" data-pafe-equal-height=\"\" data-pafe-equal-height-widget-container=\"\" data-id=\"9023538\" data-element_type=\"column\" data-settings=\"{&quot;background_background&quot;:&quot;classic&quot;}\">\n\t\t\t<div class=\"elementor-widget-wrap elementor-element-populated\">\n\t\t\t\t\t\t<div class=\"elementor-element elementor-element-1274f56 elementor-widget elementor-widget-heading\" data-id=\"1274f56\" data-element_type=\"widget\" data-widget_type=\"heading.default\">\n\t\t\t\t<div class=\"elementor-widget-container\">\n\t\t\t\t\t<h3 class=\"elementor-heading-title elementor-size-default\"><a href=\"https:\/\/kemis-termoclean.hr\/en\/services\/industrial-and-chemical-cleaning\/\">Industrial and chemical cleaning<\/a><\/h3>\t\t\t\t<\/div>\n\t\t\t\t<\/div>\n\t\t\t\t<div class=\"elementor-element elementor-element-8e7ba68 elementor-widget elementor-widget-image\" data-id=\"8e7ba68\" data-element_type=\"widget\" data-widget_type=\"image.default\">\n\t\t\t\t<div class=\"elementor-widget-container\">\n\t\t\t\t\t\t\t\t\t\t\t\t\t\t\t\t<a href=\"https:\/\/kemis-termoclean.hr\/en\/services\/industrial-and-chemical-cleaning\/\">\n\t\t\t\t\t\t\t<img fetchpriority=\"high\" decoding=\"async\" width=\"570\" height=\"450\" src=\"https:\/\/kemis-termoclean.hr\/wp-content\/uploads\/2019\/05\/\u010ci\u0161\u0107enje-002-570x450.jpg\" class=\"attachment-kava-thumb-m-2 size-kava-thumb-m-2 wp-image-2440\" alt=\"\" \/>\t\t\t\t\t\t\t\t<\/a>\n\t\t\t\t\t\t\t\t\t\t\t\t\t\t\t<\/div>\n\t\t\t\t<\/div>\n\t\t\t\t<div class=\"elementor-element elementor-element-8086f03 elementor-align-right elementor-widget elementor-widget-button\" data-id=\"8086f03\" data-element_type=\"widget\" data-widget_type=\"button.default\">\n\t\t\t\t<div class=\"elementor-widget-container\">\n\t\t\t\t\t\t\t\t\t<div class=\"elementor-button-wrapper\">\n\t\t\t\t\t<a class=\"elementor-button elementor-button-link elementor-size-sm\" href=\"https:\/\/kemis-termoclean.hr\/en\/services\/industrial-and-chemical-cleaning\/\">\n\t\t\t\t\t\t<span class=\"elementor-button-content-wrapper\">\n\t\t\t\t\t\t\t\t\t<span class=\"elementor-button-text\">Read more<\/span>\n\t\t\t\t\t<\/span>\n\t\t\t\t\t<\/a>\n\t\t\t\t<\/div>\n\t\t\t\t\t\t\t\t<\/div>\n\t\t\t\t<\/div>\n\t\t\t\t\t<\/div>\n\t\t<\/div>\n\t\t\t\t<div class=\" pafe-equal-height-desktop pafe-equal-height-tablet elementor-column elementor-col-50 elementor-inner-column elementor-element elementor-element-d26f39b\" data-pafe-equal-height=\"\" data-pafe-equal-height-widget-container=\"\" data-id=\"d26f39b\" data-element_type=\"column\" data-settings=\"{&quot;background_background&quot;:&quot;classic&quot;}\">\n\t\t\t<div class=\"elementor-widget-wrap elementor-element-populated\">\n\t\t\t\t\t\t<div class=\"elementor-element elementor-element-ecd74a4 elementor-widget elementor-widget-heading\" data-id=\"ecd74a4\" data-element_type=\"widget\" data-widget_type=\"heading.default\">\n\t\t\t\t<div class=\"elementor-widget-container\">\n\t\t\t\t\t<h3 class=\"elementor-heading-title elementor-size-default\"><a href=\"https:\/\/kemis-termoclean.hr\/en\/services\/hazardous-and-non-hazardous-waste-management\/\">Hazardous and non-hazardous waste management<\/a><\/h3>\t\t\t\t<\/div>\n\t\t\t\t<\/div>\n\t\t\t\t<div class=\"elementor-element elementor-element-cdfe81e elementor-widget elementor-widget-image\" data-id=\"cdfe81e\" data-element_type=\"widget\" data-widget_type=\"image.default\">\n\t\t\t\t<div class=\"elementor-widget-container\">\n\t\t\t\t\t\t\t\t\t\t\t\t\t\t\t\t<a href=\"https:\/\/kemis-termoclean.hr\/en\/services\/hazardous-and-non-hazardous-waste-management\/\">\n\t\t\t\t\t\t\t<img decoding=\"async\" width=\"570\" height=\"450\" src=\"https:\/\/kemis-termoclean.hr\/wp-content\/uploads\/2019\/05\/Otpad-Rinfuza-03-570x450.jpg\" class=\"attachment-kava-thumb-m-2 size-kava-thumb-m-2 wp-image-2442\" alt=\"\" \/>\t\t\t\t\t\t\t\t<\/a>\n\t\t\t\t\t\t\t\t\t\t\t\t\t\t\t<\/div>\n\t\t\t\t<\/div>\n\t\t\t\t<div class=\"elementor-element elementor-element-30136e2 elementor-align-right elementor-widget elementor-widget-button\" data-id=\"30136e2\" data-element_type=\"widget\" data-widget_type=\"button.default\">\n\t\t\t\t<div class=\"elementor-widget-container\">\n\t\t\t\t\t\t\t\t\t<div class=\"elementor-button-wrapper\">\n\t\t\t\t\t<a class=\"elementor-button elementor-button-link elementor-size-sm\" href=\"https:\/\/kemis-termoclean.hr\/en\/services\/hazardous-and-non-hazardous-waste-management\/\">\n\t\t\t\t\t\t<span class=\"elementor-button-content-wrapper\">\n\t\t\t\t\t\t\t\t\t<span class=\"elementor-button-text\">Read more<\/span>\n\t\t\t\t\t<\/span>\n\t\t\t\t\t<\/a>\n\t\t\t\t<\/div>\n\t\t\t\t\t\t\t\t<\/div>\n\t\t\t\t<\/div>\n\t\t\t\t\t<\/div>\n\t\t<\/div>\n\t\t\t\t\t<\/div>\n\t\t<\/section>\n\t\t\t\t\t<\/div>\n\t\t<\/div>\n\t\t\t\t\t<\/div>\n\t\t<\/section>\n\t\t\t\t<\/div>\n\t\t","protected":false},"excerpt":{"rendered":"<p>Services Industrial and chemical cleaning Read more Hazardous and non-hazardous waste management Read more<\/p>\n","protected":false},"author":1,"featured_media":0,"parent":0,"menu_order":3,"comment_status":"closed","ping_status":"closed","template":"elementor_header_footer","meta":{"footnotes":""},"class_list":["post-3060","page","type-page","status-publish","hentry"],"_links":{"self":[{"href":"https:\/\/kemis-termoclean.hr\/en\/wp-json\/wp\/v2\/pages\/3060","targetHints":{"allow":["GET"]}}],"collection":[{"href":"https:\/\/kemis-termoclean.hr\/en\/wp-json\/wp\/v2\/pages"}],"about":[{"href":"https:\/\/kemis-termoclean.hr\/en\/wp-json\/wp\/v2\/types\/page"}],"author":[{"embeddable":true,"href":"https:\/\/kemis-termoclean.hr\/en\/wp-json\/wp\/v2\/users\/1"}],"replies":[{"embeddable":true,"href":"https:\/\/kemis-termoclean.hr\/en\/wp-json\/wp\/v2\/comments?post=3060"}],"version-history":[{"count":3,"href":"https:\/\/kemis-termoclean.hr\/en\/wp-json\/wp\/v2\/pages\/3060\/revisions"}],"predecessor-version":[{"id":3150,"href":"https:\/\/kemis-termoclean.hr\/en\/wp-json\/wp\/v2\/pages\/3060\/revisions\/3150"}],"wp:attachment":[{"href":"https:\/\/kemis-termoclean.hr\/en\/wp-json\/wp\/v2\/media?parent=3060"}],"curies":[{"name":"wp","href":"https:\/\/api.w.org\/{rel}","templated":true}]}}